{"id":71,"date":"2021-09-01T10:40:07","date_gmt":"2021-09-01T10:40:07","guid":{"rendered":"https:\/\/www.mm.bme.hu\/amsz\/?page_id=71"},"modified":"2025-04-09T19:49:17","modified_gmt":"2025-04-09T19:49:17","slug":"projektek","status":"publish","type":"page","link":"https:\/\/www.mm.bme.hu\/amsz\/index.php\/projektek\/","title":{"rendered":"Projektek"},"content":{"rendered":"\n<h2>Jelenleg fut\u00f3 projektek<\/h2>\n\n\n\n<div class=\"wp-block-media-text alignwide is-stacked-on-mobile\" style=\"grid-template-columns:53% auto\"><figure class=\"wp-block-media-text__media\"><img loading=\"lazy\" width=\"1024\" height=\"575\" src=\"https:\/\/www.mm.bme.hu\/amsz\/wp-content\/uploads\/2023\/03\/NEW_konstrukcio_vazlat-2-1024x575.png\" alt=\"\" class=\"wp-image-508 size-full\" srcset=\"https:\/\/www.mm.bme.hu\/amsz\/wp-content\/uploads\/2023\/03\/NEW_konstrukcio_vazlat-2-1024x575.png 1024w, https:\/\/www.mm.bme.hu\/amsz\/wp-content\/uploads\/2023\/03\/NEW_konstrukcio_vazlat-2-300x168.png 300w, https:\/\/www.mm.bme.hu\/amsz\/wp-content\/uploads\/2023\/03\/NEW_konstrukcio_vazlat-2-768x431.png 768w, https:\/\/www.mm.bme.hu\/amsz\/wp-content\/uploads\/2023\/03\/NEW_konstrukcio_vazlat-2-1536x862.png 1536w, https:\/\/www.mm.bme.hu\/amsz\/wp-content\/uploads\/2023\/03\/NEW_konstrukcio_vazlat-2-1568x880.png 1568w, https:\/\/www.mm.bme.hu\/amsz\/wp-content\/uploads\/2023\/03\/NEW_konstrukcio_vazlat-2.png 1969w\" sizes=\"(max-width: 1024px) 100vw, 1024px\" \/><\/figure><div class=\"wp-block-media-text__content\">\n<p class=\"has-large-font-size\"><strong>Fesz\u00fclts\u00e9g r\u00fad<\/strong><\/p>\n\n\n\n<div class=\"wp-container-1 wp-block-buttons\">\n<div class=\"wp-block-button\"><a class=\"wp-block-button__link has-dark-gray-background-color has-background\" href=\"https:\/\/www.mm.bme.hu\/amsz\/index.php\/feszultseg-kijelzo-rud\/\" target=\"_blank\" rel=\"noreferrer noopener\">Tudj meg t\u00f6bbet<\/a><\/div>\n<\/div>\n<\/div><\/div>\n\n\n\n<div class=\"wp-block-media-text alignwide is-stacked-on-mobile\" style=\"grid-template-columns:51% auto\"><figure class=\"wp-block-media-text__media\"><img loading=\"lazy\" width=\"605\" height=\"418\" src=\"https:\/\/www.mm.bme.hu\/amsz\/wp-content\/uploads\/2025\/04\/image_III_26.png\" alt=\"\" class=\"wp-image-558 size-full\" srcset=\"https:\/\/www.mm.bme.hu\/amsz\/wp-content\/uploads\/2025\/04\/image_III_26.png 605w, https:\/\/www.mm.bme.hu\/amsz\/wp-content\/uploads\/2025\/04\/image_III_26-300x207.png 300w\" sizes=\"(max-width: 605px) 100vw, 605px\" \/><\/figure><div class=\"wp-block-media-text__content\">\n<p class=\"has-large-font-size\"><strong>Sebess\u00e9gv\u00e1lt\u00f3 t\u00f6nkremenetel anal\u00edzise<\/strong><\/p>\n\n\n\n<div class=\"wp-container-2 wp-block-buttons\">\n<div class=\"wp-block-button\"><a class=\"wp-block-button__link has-dark-gray-background-color has-background\" href=\"https:\/\/www.mm.bme.hu\/amsz\/index.php\/sebessegvalto-tonkremenetel-analizise\/\" target=\"_blank\" rel=\"noreferrer noopener\">Tudj meg t\u00f6bbet<\/a><\/div>\n<\/div>\n<\/div><\/div>\n\n\n\n<h2>Befejezett projektek<\/h2>\n\n\n\n<div class=\"wp-block-media-text alignwide is-stacked-on-mobile\" style=\"grid-template-columns:56% auto\"><figure class=\"wp-block-media-text__media\"><img loading=\"lazy\" width=\"1024\" height=\"576\" src=\"https:\/\/www.mm.bme.hu\/amsz\/wp-content\/uploads\/2025\/04\/Python-Symbol-1024x576.png\" alt=\"\" class=\"wp-image-557 size-full\" srcset=\"https:\/\/www.mm.bme.hu\/amsz\/wp-content\/uploads\/2025\/04\/Python-Symbol-1024x576.png 1024w, https:\/\/www.mm.bme.hu\/amsz\/wp-content\/uploads\/2025\/04\/Python-Symbol-300x169.png 300w, https:\/\/www.mm.bme.hu\/amsz\/wp-content\/uploads\/2025\/04\/Python-Symbol-768x432.png 768w, https:\/\/www.mm.bme.hu\/amsz\/wp-content\/uploads\/2025\/04\/Python-Symbol-1536x864.png 1536w, https:\/\/www.mm.bme.hu\/amsz\/wp-content\/uploads\/2025\/04\/Python-Symbol-2048x1152.png 2048w, https:\/\/www.mm.bme.hu\/amsz\/wp-content\/uploads\/2025\/04\/Python-Symbol-1568x882.png 1568w\" sizes=\"(max-width: 1024px) 100vw, 1024px\" \/><\/figure><div class=\"wp-block-media-text__content\">\n<p class=\"has-large-font-size\"><strong>Python oktat\u00f3 vide\u00f3 sorozat<\/strong><\/p>\n\n\n\n<div class=\"wp-container-3 wp-block-buttons\">\n<div class=\"wp-block-button\"><a class=\"wp-block-button__link has-dark-gray-background-color has-background\" href=\"https:\/\/youtube.com\/playlist?list=PLIt7Vn1ocUiVs2ZZ-DxhXQnORGfF98775&amp;si=CUZQhFdg6CcUeXzB\" target=\"_blank\" rel=\"noreferrer noopener\">Tudj meg t\u00f6bbet<\/a><\/div>\n<\/div>\n<\/div><\/div>\n\n\n\n<div class=\"wp-block-media-text alignwide is-stacked-on-mobile is-image-fill\" style=\"grid-template-columns:56% auto\"><figure class=\"wp-block-media-text__media\" style=\"background-image:url(https:\/\/www.mm.bme.hu\/amsz\/wp-content\/uploads\/2021\/09\/Rajztabla-1@300x-100-1024x724.jpg);background-position:65% 68%\"><img loading=\"lazy\" width=\"1024\" height=\"724\" src=\"https:\/\/www.mm.bme.hu\/amsz\/wp-content\/uploads\/2021\/09\/Rajztabla-1@300x-100-1024x724.jpg\" alt=\"\" class=\"wp-image-245 size-full\" srcset=\"https:\/\/www.mm.bme.hu\/amsz\/wp-content\/uploads\/2021\/09\/Rajztabla-1@300x-100-1024x724.jpg 1024w, https:\/\/www.mm.bme.hu\/amsz\/wp-content\/uploads\/2021\/09\/Rajztabla-1@300x-100-300x212.jpg 300w, https:\/\/www.mm.bme.hu\/amsz\/wp-content\/uploads\/2021\/09\/Rajztabla-1@300x-100-768x543.jpg 768w, https:\/\/www.mm.bme.hu\/amsz\/wp-content\/uploads\/2021\/09\/Rajztabla-1@300x-100-1536x1086.jpg 1536w, https:\/\/www.mm.bme.hu\/amsz\/wp-content\/uploads\/2021\/09\/Rajztabla-1@300x-100-2048x1448.jpg 2048w, https:\/\/www.mm.bme.hu\/amsz\/wp-content\/uploads\/2021\/09\/Rajztabla-1@300x-100-1568x1109.jpg 1568w\" sizes=\"(max-width: 1024px) 100vw, 1024px\" \/><\/figure><div class=\"wp-block-media-text__content\">\n<p class=\"has-large-font-size\"><strong>Aream &#8211; m\u00e1sodrend\u0171 nyomat\u00e9k sz\u00e1m\u00edt\u00f3 program<\/strong><\/p>\n\n\n\n<div class=\"wp-container-4 wp-block-buttons\">\n<div class=\"wp-block-button\"><a class=\"wp-block-button__link has-dark-gray-background-color has-background\" href=\"https:\/\/www.mm.bme.hu\/amsz\/index.php\/python-masodrendu-nyomatek-szamito-felulet\/\" target=\"_blank\" rel=\"noreferrer noopener\">Tudj meg t\u00f6bbet<\/a><\/div>\n<\/div>\n<\/div><\/div>\n\n\n\n<h2>Sz\u00fcneteltetett projektek<\/h2>\n\n\n\n<div class=\"wp-block-media-text alignwide is-stacked-on-mobile\" style=\"grid-template-columns:56% auto\"><figure class=\"wp-block-media-text__media\"><img loading=\"lazy\" width=\"1590\" height=\"869\" src=\"https:\/\/www.mm.bme.hu\/amsz\/wp-content\/uploads\/2022\/07\/293721403_463872282237604_2618879580609076211_n.png\" alt=\"\" class=\"wp-image-398 size-full\" srcset=\"https:\/\/www.mm.bme.hu\/amsz\/wp-content\/uploads\/2022\/07\/293721403_463872282237604_2618879580609076211_n.png 1590w, https:\/\/www.mm.bme.hu\/amsz\/wp-content\/uploads\/2022\/07\/293721403_463872282237604_2618879580609076211_n-300x164.png 300w, https:\/\/www.mm.bme.hu\/amsz\/wp-content\/uploads\/2022\/07\/293721403_463872282237604_2618879580609076211_n-1024x560.png 1024w, https:\/\/www.mm.bme.hu\/amsz\/wp-content\/uploads\/2022\/07\/293721403_463872282237604_2618879580609076211_n-768x420.png 768w, https:\/\/www.mm.bme.hu\/amsz\/wp-content\/uploads\/2022\/07\/293721403_463872282237604_2618879580609076211_n-1536x839.png 1536w, https:\/\/www.mm.bme.hu\/amsz\/wp-content\/uploads\/2022\/07\/293721403_463872282237604_2618879580609076211_n-1568x857.png 1568w\" sizes=\"(max-width: 1590px) 100vw, 1590px\" \/><\/figure><div class=\"wp-block-media-text__content\">\n<p class=\"has-large-font-size\"><strong>VEM verseny<\/strong><\/p>\n\n\n\n<p><\/p>\n<\/div><\/div>\n\n\n\n<div class=\"wp-block-media-text alignwide is-stacked-on-mobile is-image-fill\" style=\"grid-template-columns:56% auto\"><figure class=\"wp-block-media-text__media\" style=\"background-image:url(https:\/\/www.mm.bme.hu\/amsz\/wp-content\/uploads\/2022\/02\/ashkan-forouzani-11YQuWPQ9Bw-unsplash-1-1024x683.jpg);background-position:50% 50%\"><img loading=\"lazy\" width=\"1024\" height=\"683\" src=\"https:\/\/www.mm.bme.hu\/amsz\/wp-content\/uploads\/2022\/02\/ashkan-forouzani-11YQuWPQ9Bw-unsplash-1-1024x683.jpg\" alt=\"\" class=\"wp-image-335 size-full\" srcset=\"https:\/\/www.mm.bme.hu\/amsz\/wp-content\/uploads\/2022\/02\/ashkan-forouzani-11YQuWPQ9Bw-unsplash-1-1024x683.jpg 1024w, https:\/\/www.mm.bme.hu\/amsz\/wp-content\/uploads\/2022\/02\/ashkan-forouzani-11YQuWPQ9Bw-unsplash-1-300x200.jpg 300w, https:\/\/www.mm.bme.hu\/amsz\/wp-content\/uploads\/2022\/02\/ashkan-forouzani-11YQuWPQ9Bw-unsplash-1-768x512.jpg 768w, https:\/\/www.mm.bme.hu\/amsz\/wp-content\/uploads\/2022\/02\/ashkan-forouzani-11YQuWPQ9Bw-unsplash-1-1536x1024.jpg 1536w, https:\/\/www.mm.bme.hu\/amsz\/wp-content\/uploads\/2022\/02\/ashkan-forouzani-11YQuWPQ9Bw-unsplash-1-2048x1365.jpg 2048w, https:\/\/www.mm.bme.hu\/amsz\/wp-content\/uploads\/2022\/02\/ashkan-forouzani-11YQuWPQ9Bw-unsplash-1-1568x1045.jpg 1568w\" sizes=\"(max-width: 1024px) 100vw, 1024px\" \/><\/figure><div class=\"wp-block-media-text__content\">\n<p class=\"has-large-font-size\"><strong>A Te projekted helye!<\/strong><\/p>\n\n\n\n<p><\/p>\n\n\n\n<div class=\"wp-container-5 wp-block-buttons\">\n<div class=\"wp-block-button\"><a class=\"wp-block-button__link has-dark-gray-background-color has-background\" href=\"https:\/\/www.mm.bme.hu\/amsz\/index.php\/projektek\/a-te-projekted\/\" target=\"_blank\" rel=\"noreferrer noopener\">Tudj meg t\u00f6bbet<\/a><\/div>\n<\/div>\n<\/div><\/div>\n","protected":false},"excerpt":{"rendered":"<p>Jelenleg fut\u00f3 projektek Befejezett projektek Sz\u00fcneteltetett projektek VEM verseny<\/p>\n","protected":false},"author":1,"featured_media":0,"parent":0,"menu_order":0,"comment_status":"closed","ping_status":"closed","template":"","meta":[],"_links":{"self":[{"href":"https:\/\/www.mm.bme.hu\/amsz\/index.php\/wp-json\/wp\/v2\/pages\/71"}],"collection":[{"href":"https:\/\/www.mm.bme.hu\/amsz\/index.php\/wp-json\/wp\/v2\/pages"}],"about":[{"href":"https:\/\/www.mm.bme.hu\/amsz\/index.php\/wp-json\/wp\/v2\/types\/page"}],"author":[{"embeddable":true,"href":"https:\/\/www.mm.bme.hu\/amsz\/index.php\/wp-json\/wp\/v2\/users\/1"}],"replies":[{"embeddable":true,"href":"https:\/\/www.mm.bme.hu\/amsz\/index.php\/wp-json\/wp\/v2\/comments?post=71"}],"version-history":[{"count":37,"href":"https:\/\/www.mm.bme.hu\/amsz\/index.php\/wp-json\/wp\/v2\/pages\/71\/revisions"}],"predecessor-version":[{"id":566,"href":"https:\/\/www.mm.bme.hu\/amsz\/index.php\/wp-json\/wp\/v2\/pages\/71\/revisions\/566"}],"wp:attachment":[{"href":"https:\/\/www.mm.bme.hu\/amsz\/index.php\/wp-json\/wp\/v2\/media?parent=71"}],"curies":[{"name":"wp","href":"https:\/\/api.w.org\/{rel}","templated":true}]}}