{"id":64,"date":"2021-09-01T10:32:19","date_gmt":"2021-09-01T10:32:19","guid":{"rendered":"https:\/\/www.mm.bme.hu\/amsz\/?page_id=64"},"modified":"2025-10-15T17:48:10","modified_gmt":"2025-10-15T15:48:10","slug":"konzultaciok","status":"publish","type":"page","link":"https:\/\/www.mm.bme.hu\/amsz\/index.php\/konzultaciok\/","title":{"rendered":"Konzult\u00e1ci\u00f3k"},"content":{"rendered":"\n<p>Szakoszt\u00e1lyunk minden f\u00e9l\u00e9vben tart konzult\u00e1ci\u00f3t a g\u00e9p\u00e9sz alapk\u00e9pz\u00e9sen tartott mechanikai t\u00e1rgyakhoz. Az el\u0151ad\u00e1sok els\u0151sorban a ZH-kon el\u0151fordul\u00f3 p\u00e9ldafeladatok megold\u00e1s\u00e1val \u00e9s levezet\u00e9s\u00e9vel, m\u00e1sodsorban a felmer\u00fcl\u0151 k\u00e9rd\u00e9sek megv\u00e1laszol\u00e1s\u00e1val telik.<\/p>\n\n\n\n<p>Konzult\u00e1ci\u00f3s t\u00e1rgyak:<br>&#8211; \u0151szi f\u00e9l\u00e9v: Statika \u00e9s Dinamika,<br>&#8211; tavaszi f\u00e9l\u00e9v: Szil\u00e1rds\u00e1gtan \u00e9s Rezg\u00e9stan.<\/p>\n\n\n\n<p>Ha szeretn\u00e9l \u00e9rtes\u00edt\u00e9st kapni, hogy pontosan mikor \u00e9s hol lesznek az egyes el\u0151ad\u00e1sok, akkor k\u00f6vess\u00e9tek be <a rel=\"noreferrer noopener\" href=\"https:\/\/www.facebook.com\/AMSZ.BME\" target=\"_blank\">Facebook oldalunkat<\/a>. Minden konzult\u00e1ci\u00f3hoz &#8211; egy Facebook esem\u00e9nyen kereszt\u00fcl &#8211; megosztjuk a feladatsort, valamint online el\u0151ad\u00e1s eset\u00e9n, a vide\u00f3 felv\u00e9telt is. <\/p>\n\n\n\n<figure class=\"wp-container-2 wp-block-gallery-1 wp-block-gallery aligncenter has-nested-images columns-2 is-cropped\">\n<figure class=\"wp-block-image size-full is-style-default\"><img loading=\"lazy\" width=\"2560\" height=\"1340\" data-id=\"536\"  src=\"https:\/\/www.mm.bme.hu\/amsz\/wp-content\/uploads\/2024\/10\/statika-ok-1024x536-1-scaled.jpg\" alt=\"\" class=\"wp-image-536\" srcset=\"https:\/\/www.mm.bme.hu\/amsz\/wp-content\/uploads\/2024\/10\/statika-ok-1024x536-1-scaled.jpg 2560w, https:\/\/www.mm.bme.hu\/amsz\/wp-content\/uploads\/2024\/10\/statika-ok-1024x536-1-300x157.jpg 300w, https:\/\/www.mm.bme.hu\/amsz\/wp-content\/uploads\/2024\/10\/statika-ok-1024x536-1-1024x536.jpg 1024w, https:\/\/www.mm.bme.hu\/amsz\/wp-content\/uploads\/2024\/10\/statika-ok-1024x536-1-768x402.jpg 768w, https:\/\/www.mm.bme.hu\/amsz\/wp-content\/uploads\/2024\/10\/statika-ok-1024x536-1-1536x804.jpg 1536w, https:\/\/www.mm.bme.hu\/amsz\/wp-content\/uploads\/2024\/10\/statika-ok-1024x536-1-2048x1072.jpg 2048w, https:\/\/www.mm.bme.hu\/amsz\/wp-content\/uploads\/2024\/10\/statika-ok-1024x536-1-1568x821.jpg 1568w\" sizes=\"(max-width: 2560px) 100vw, 2560px\" \/><\/figure>\n\n\n\n<figure class=\"wp-block-image size-full\"><img loading=\"lazy\" width=\"800\" height=\"383\" data-id=\"140\"  src=\"https:\/\/www.mm.bme.hu\/amsz\/wp-content\/uploads\/2021\/09\/szilardsagtan.jpg\" alt=\"\" class=\"wp-image-140\" srcset=\"https:\/\/www.mm.bme.hu\/amsz\/wp-content\/uploads\/2021\/09\/szilardsagtan.jpg 800w, https:\/\/www.mm.bme.hu\/amsz\/wp-content\/uploads\/2021\/09\/szilardsagtan-300x144.jpg 300w, https:\/\/www.mm.bme.hu\/amsz\/wp-content\/uploads\/2021\/09\/szilardsagtan-768x368.jpg 768w\" sizes=\"(max-width: 800px) 100vw, 800px\" \/><\/figure>\n\n\n\n<figure class=\"wp-block-image size-large\"><img loading=\"lazy\" width=\"1520\" height=\"380\" data-id=\"141\"  src=\"https:\/\/www.mm.bme.hu\/amsz\/wp-content\/uploads\/2021\/09\/rezgestan.jpg\" alt=\"\" class=\"wp-image-141\" srcset=\"https:\/\/www.mm.bme.hu\/amsz\/wp-content\/uploads\/2021\/09\/rezgestan.jpg 1520w, https:\/\/www.mm.bme.hu\/amsz\/wp-content\/uploads\/2021\/09\/rezgestan-300x75.jpg 300w, https:\/\/www.mm.bme.hu\/amsz\/wp-content\/uploads\/2021\/09\/rezgestan-1024x256.jpg 1024w, https:\/\/www.mm.bme.hu\/amsz\/wp-content\/uploads\/2021\/09\/rezgestan-768x192.jpg 768w\" sizes=\"(max-width: 1520px) 100vw, 1520px\" \/><\/figure>\n<\/figure>\n\n\n\n<p><\/p>\n","protected":false},"excerpt":{"rendered":"<p>Szakoszt\u00e1lyunk minden f\u00e9l\u00e9vben tart konzult\u00e1ci\u00f3t a g\u00e9p\u00e9sz alapk\u00e9pz\u00e9sen tartott mechanikai t\u00e1rgyakhoz. Az el\u0151ad\u00e1sok els\u0151sorban a ZH-kon el\u0151fordul\u00f3 p\u00e9ldafeladatok megold\u00e1s\u00e1val \u00e9s levezet\u00e9s\u00e9vel, m\u00e1sodsorban a felmer\u00fcl\u0151 k\u00e9rd\u00e9sek megv\u00e1laszol\u00e1s\u00e1val telik. Konzult\u00e1ci\u00f3s t\u00e1rgyak:&#8211; \u0151szi f\u00e9l\u00e9v: Statika \u00e9s Dinamika,&#8211; tavaszi f\u00e9l\u00e9v: Szil\u00e1rds\u00e1gtan \u00e9s Rezg\u00e9stan. Ha szeretn\u00e9l \u00e9rtes\u00edt\u00e9st kapni, hogy pontosan mikor \u00e9s hol lesznek az egyes el\u0151ad\u00e1sok, akkor k\u00f6vess\u00e9tek be &hellip; <\/p>\n<p class=\"link-more\"><a href=\"https:\/\/www.mm.bme.hu\/amsz\/index.php\/konzultaciok\/\" class=\"more-link\">Continue reading<span class=\"screen-reader-text\"> &#8220;Konzult\u00e1ci\u00f3k&#8221;<\/span><\/a><\/p>\n","protected":false},"author":1,"featured_media":0,"parent":0,"menu_order":0,"comment_status":"closed","ping_status":"closed","template":"","meta":[],"_links":{"self":[{"href":"https:\/\/www.mm.bme.hu\/amsz\/index.php\/wp-json\/wp\/v2\/pages\/64"}],"collection":[{"href":"https:\/\/www.mm.bme.hu\/amsz\/index.php\/wp-json\/wp\/v2\/pages"}],"about":[{"href":"https:\/\/www.mm.bme.hu\/amsz\/index.php\/wp-json\/wp\/v2\/types\/page"}],"author":[{"embeddable":true,"href":"https:\/\/www.mm.bme.hu\/amsz\/index.php\/wp-json\/wp\/v2\/users\/1"}],"replies":[{"embeddable":true,"href":"https:\/\/www.mm.bme.hu\/amsz\/index.php\/wp-json\/wp\/v2\/comments?post=64"}],"version-history":[{"count":44,"href":"https:\/\/www.mm.bme.hu\/amsz\/index.php\/wp-json\/wp\/v2\/pages\/64\/revisions"}],"predecessor-version":[{"id":622,"href":"https:\/\/www.mm.bme.hu\/amsz\/index.php\/wp-json\/wp\/v2\/pages\/64\/revisions\/622"}],"wp:attachment":[{"href":"https:\/\/www.mm.bme.hu\/amsz\/index.php\/wp-json\/wp\/v2\/media?parent=64"}],"curies":[{"name":"wp","href":"https:\/\/api.w.org\/{rel}","templated":true}]}}