{"id":560,"date":"2025-04-09T19:48:42","date_gmt":"2025-04-09T19:48:42","guid":{"rendered":"https:\/\/www.mm.bme.hu\/amsz\/?page_id=560"},"modified":"2025-04-09T19:48:42","modified_gmt":"2025-04-09T19:48:42","slug":"sebessegvalto-tonkremenetel-analizise","status":"publish","type":"page","link":"https:\/\/www.mm.bme.hu\/amsz\/index.php\/sebessegvalto-tonkremenetel-analizise\/","title":{"rendered":"Sebess\u00e9gv\u00e1lt\u00f3 t\u00f6nkremenetel anal\u00edzise"},"content":{"rendered":"\n<p>A projekt egy Opel Vectr\u00e1b\u00f3l kiszerelt sebv\u00e1lt\u00f3nak a sz\u00e9tszerel\u00e9s\u00e9r\u0151l, modellez\u00e9s\u00e9r\u0151l \u00e9s k\u00fcl\u00f6nb\u00f6z\u0151 vizsg\u00e1latok v\u00e9gz\u00e9s\u00e9r\u0151l sz\u00f3lna. A munk\u00e1latok a DCS \u00e9p\u00fclet egyik laborj\u00e1ban t\u00f6rt\u00e9nik, a KGSZ k\u00f6zrem\u0171k\u00f6d\u00e9s\u00e9vel.<\/p>\n\n\n<div class=\"wp-block-image\">\n<figure class=\"alignleft size-large is-resized\"><img loading=\"lazy\" src=\"https:\/\/www.mm.bme.hu\/amsz\/wp-content\/uploads\/2025\/04\/sebvalt1-edited.jpg\" alt=\"\" class=\"wp-image-562\" width=\"460\" height=\"460\" srcset=\"https:\/\/www.mm.bme.hu\/amsz\/wp-content\/uploads\/2025\/04\/sebvalt1-edited.jpg 1840w, https:\/\/www.mm.bme.hu\/amsz\/wp-content\/uploads\/2025\/04\/sebvalt1-edited-300x300.jpg 300w, https:\/\/www.mm.bme.hu\/amsz\/wp-content\/uploads\/2025\/04\/sebvalt1-edited-1024x1024.jpg 1024w, https:\/\/www.mm.bme.hu\/amsz\/wp-content\/uploads\/2025\/04\/sebvalt1-edited-150x150.jpg 150w, https:\/\/www.mm.bme.hu\/amsz\/wp-content\/uploads\/2025\/04\/sebvalt1-edited-768x768.jpg 768w, https:\/\/www.mm.bme.hu\/amsz\/wp-content\/uploads\/2025\/04\/sebvalt1-edited-1536x1536.jpg 1536w, https:\/\/www.mm.bme.hu\/amsz\/wp-content\/uploads\/2025\/04\/sebvalt1-edited-1568x1568.jpg 1568w\" sizes=\"(max-width: 460px) 100vw, 460px\" \/><\/figure><\/div>\n\n<div class=\"wp-block-image\">\n<figure class=\"alignright size-large is-resized\"><img loading=\"lazy\" src=\"https:\/\/www.mm.bme.hu\/amsz\/wp-content\/uploads\/2025\/04\/sebvalt2-edited.jpg\" alt=\"\" class=\"wp-image-564\" width=\"460\" height=\"460\" srcset=\"https:\/\/www.mm.bme.hu\/amsz\/wp-content\/uploads\/2025\/04\/sebvalt2-edited.jpg 1840w, https:\/\/www.mm.bme.hu\/amsz\/wp-content\/uploads\/2025\/04\/sebvalt2-edited-300x300.jpg 300w, https:\/\/www.mm.bme.hu\/amsz\/wp-content\/uploads\/2025\/04\/sebvalt2-edited-1024x1024.jpg 1024w, https:\/\/www.mm.bme.hu\/amsz\/wp-content\/uploads\/2025\/04\/sebvalt2-edited-150x150.jpg 150w, https:\/\/www.mm.bme.hu\/amsz\/wp-content\/uploads\/2025\/04\/sebvalt2-edited-768x768.jpg 768w, https:\/\/www.mm.bme.hu\/amsz\/wp-content\/uploads\/2025\/04\/sebvalt2-edited-1536x1536.jpg 1536w, https:\/\/www.mm.bme.hu\/amsz\/wp-content\/uploads\/2025\/04\/sebvalt2-edited-1568x1568.jpg 1568w\" sizes=\"(max-width: 460px) 100vw, 460px\" \/><\/figure><\/div>","protected":false},"excerpt":{"rendered":"<p>A projekt egy Opel Vectr\u00e1b\u00f3l kiszerelt sebv\u00e1lt\u00f3nak a sz\u00e9tszerel\u00e9s\u00e9r\u0151l, modellez\u00e9s\u00e9r\u0151l \u00e9s k\u00fcl\u00f6nb\u00f6z\u0151 vizsg\u00e1latok v\u00e9gz\u00e9s\u00e9r\u0151l sz\u00f3lna. A munk\u00e1latok a DCS \u00e9p\u00fclet egyik laborj\u00e1ban t\u00f6rt\u00e9nik, a KGSZ k\u00f6zrem\u0171k\u00f6d\u00e9s\u00e9vel.<\/p>\n","protected":false},"author":1,"featured_media":0,"parent":0,"menu_order":0,"comment_status":"closed","ping_status":"closed","template":"","meta":[],"_links":{"self":[{"href":"https:\/\/www.mm.bme.hu\/amsz\/index.php\/wp-json\/wp\/v2\/pages\/560"}],"collection":[{"href":"https:\/\/www.mm.bme.hu\/amsz\/index.php\/wp-json\/wp\/v2\/pages"}],"about":[{"href":"https:\/\/www.mm.bme.hu\/amsz\/index.php\/wp-json\/wp\/v2\/types\/page"}],"author":[{"embeddable":true,"href":"https:\/\/www.mm.bme.hu\/amsz\/index.php\/wp-json\/wp\/v2\/users\/1"}],"replies":[{"embeddable":true,"href":"https:\/\/www.mm.bme.hu\/amsz\/index.php\/wp-json\/wp\/v2\/comments?post=560"}],"version-history":[{"count":1,"href":"https:\/\/www.mm.bme.hu\/amsz\/index.php\/wp-json\/wp\/v2\/pages\/560\/revisions"}],"predecessor-version":[{"id":565,"href":"https:\/\/www.mm.bme.hu\/amsz\/index.php\/wp-json\/wp\/v2\/pages\/560\/revisions\/565"}],"wp:attachment":[{"href":"https:\/\/www.mm.bme.hu\/amsz\/index.php\/wp-json\/wp\/v2\/media?parent=560"}],"curies":[{"name":"wp","href":"https:\/\/api.w.org\/{rel}","templated":true}]}}