{"id":519,"date":"2023-03-23T23:27:39","date_gmt":"2023-03-23T23:27:39","guid":{"rendered":"https:\/\/www.mm.bme.hu\/amsz\/?page_id=519"},"modified":"2023-03-23T23:27:39","modified_gmt":"2023-03-23T23:27:39","slug":"mentoagy-stabilizacio","status":"publish","type":"page","link":"https:\/\/www.mm.bme.hu\/amsz\/index.php\/mentoagy-stabilizacio\/","title":{"rendered":"Ment\u0151\u00e1gy stabiliz\u00e1ci\u00f3"},"content":{"rendered":"\n<p>Szakoszt\u00e1lyunk az <a href=\"https:\/\/ghk.bme.hu\/orvostechnika-szakosztaly\" data-type=\"URL\" data-id=\"https:\/\/ghk.bme.hu\/orvostechnika-szakosztaly\">Orvostechnika Szakoszt\u00e1llyal<\/a> egy\u00fctt m\u0171k\u00f6dve egy olyan gimball alap\u00fa ment\u0151\u00e1gy fejleszt\u00e9s\u00e9be kezdett, ami a sz\u00e1ll\u00edt\u00e1s k\u00f6zben, a rossz \u00fat min\u0151s\u00e9g miatt bek\u00f6vetkez\u0151 nagy elmozdul\u00e1sok okozta s\u00e9r\u00fcl\u00e9seket hivatott megel\u0151zni.<\/p>\n","protected":false},"excerpt":{"rendered":"<p>Szakoszt\u00e1lyunk az Orvostechnika Szakoszt\u00e1llyal egy\u00fctt m\u0171k\u00f6dve egy olyan gimball alap\u00fa ment\u0151\u00e1gy fejleszt\u00e9s\u00e9be kezdett, ami a sz\u00e1ll\u00edt\u00e1s k\u00f6zben, a rossz \u00fat min\u0151s\u00e9g miatt bek\u00f6vetkez\u0151 nagy elmozdul\u00e1sok okozta s\u00e9r\u00fcl\u00e9seket hivatott megel\u0151zni.<\/p>\n","protected":false},"author":5,"featured_media":0,"parent":0,"menu_order":0,"comment_status":"closed","ping_status":"closed","template":"","meta":[],"_links":{"self":[{"href":"https:\/\/www.mm.bme.hu\/amsz\/index.php\/wp-json\/wp\/v2\/pages\/519"}],"collection":[{"href":"https:\/\/www.mm.bme.hu\/amsz\/index.php\/wp-json\/wp\/v2\/pages"}],"about":[{"href":"https:\/\/www.mm.bme.hu\/amsz\/index.php\/wp-json\/wp\/v2\/types\/page"}],"author":[{"embeddable":true,"href":"https:\/\/www.mm.bme.hu\/amsz\/index.php\/wp-json\/wp\/v2\/users\/5"}],"replies":[{"embeddable":true,"href":"https:\/\/www.mm.bme.hu\/amsz\/index.php\/wp-json\/wp\/v2\/comments?post=519"}],"version-history":[{"count":1,"href":"https:\/\/www.mm.bme.hu\/amsz\/index.php\/wp-json\/wp\/v2\/pages\/519\/revisions"}],"predecessor-version":[{"id":520,"href":"https:\/\/www.mm.bme.hu\/amsz\/index.php\/wp-json\/wp\/v2\/pages\/519\/revisions\/520"}],"wp:attachment":[{"href":"https:\/\/www.mm.bme.hu\/amsz\/index.php\/wp-json\/wp\/v2\/media?parent=519"}],"curies":[{"name":"wp","href":"https:\/\/api.w.org\/{rel}","templated":true}]}}