{"id":514,"date":"2023-03-23T23:18:18","date_gmt":"2023-03-23T23:18:18","guid":{"rendered":"https:\/\/www.mm.bme.hu\/amsz\/?page_id=514"},"modified":"2023-03-23T23:18:19","modified_gmt":"2023-03-23T23:18:19","slug":"bme-shark","status":"publish","type":"page","link":"https:\/\/www.mm.bme.hu\/amsz\/index.php\/bme-shark\/","title":{"rendered":"BME SHARK"},"content":{"rendered":"\n<p>Az Alkalmazott Mechanika Szakoszt\u00e1ly k\u00fcldet\u00e9se, hogy a <a href=\"https:\/\/sharkteam.eu\/main.html\" data-type=\"URL\" data-id=\"https:\/\/sharkteam.eu\/main.html\">BME SharkTeam<\/a>-mel egy\u00fcttm\u0171k\u00f6dve az aut\u00f3 struktur\u00e1lis-, \u00e9s j\u00e1rm\u0171dinamikai kih\u00edv\u00e1saival megbirk\u00f3zzon. Csapatunk foglalkozik a v\u00e1zmerevs\u00e9ggel, a felf\u00fcggeszt\u00e9ssel \u00e9s a hajt\u00e1srendszer mechanikai kialak\u00edt\u00e1s\u00e1val. A f\u0151 szempontok k\u00f6z\u00f6tt a mechanikai rendszer energiaelnyel\u00e9s\u00e9nek minimaliz\u00e1l\u00e1sa \u00e9s a hajt\u00e1sban l\u00e9trej\u00f6v\u0151 k\u00e1ros rezg\u00e9sek megsz\u00fcntet\u00e9se szerepelnek. Munk\u00e1nk sor\u00e1n kiemelt figyelmet ford\u00edtunk a pil\u00f3ta ergon\u00f3mi\u00e1ra is, p\u00e9ld\u00e1ul k\u00f6zvetlenebb korm\u00e1nyz\u00e1st megval\u00f3s\u00edtva a korm\u00e1nym\u0171 fejleszt\u00e9s\u00e9vel.<\/p>\n\n\n\n<figure class=\"wp-block-image size-large\"><img loading=\"lazy\" width=\"1024\" height=\"453\" src=\"https:\/\/www.mm.bme.hu\/amsz\/wp-content\/uploads\/2023\/03\/9_2-1024x453.png\" alt=\"\" class=\"wp-image-515\" srcset=\"https:\/\/www.mm.bme.hu\/amsz\/wp-content\/uploads\/2023\/03\/9_2-1024x453.png 1024w, https:\/\/www.mm.bme.hu\/amsz\/wp-content\/uploads\/2023\/03\/9_2-300x133.png 300w, https:\/\/www.mm.bme.hu\/amsz\/wp-content\/uploads\/2023\/03\/9_2-768x340.png 768w, https:\/\/www.mm.bme.hu\/amsz\/wp-content\/uploads\/2023\/03\/9_2-1536x680.png 1536w, https:\/\/www.mm.bme.hu\/amsz\/wp-content\/uploads\/2023\/03\/9_2-1568x694.png 1568w, https:\/\/www.mm.bme.hu\/amsz\/wp-content\/uploads\/2023\/03\/9_2.png 1631w\" sizes=\"(max-width: 1024px) 100vw, 1024px\" \/><\/figure>\n","protected":false},"excerpt":{"rendered":"<p>Az Alkalmazott Mechanika Szakoszt\u00e1ly k\u00fcldet\u00e9se, hogy a BME SharkTeam-mel egy\u00fcttm\u0171k\u00f6dve az aut\u00f3 struktur\u00e1lis-, \u00e9s j\u00e1rm\u0171dinamikai kih\u00edv\u00e1saival megbirk\u00f3zzon. Csapatunk foglalkozik a v\u00e1zmerevs\u00e9ggel, a felf\u00fcggeszt\u00e9ssel \u00e9s a hajt\u00e1srendszer mechanikai kialak\u00edt\u00e1s\u00e1val. A f\u0151 szempontok k\u00f6z\u00f6tt a mechanikai rendszer energiaelnyel\u00e9s\u00e9nek minimaliz\u00e1l\u00e1sa \u00e9s a hajt\u00e1sban l\u00e9trej\u00f6v\u0151 k\u00e1ros rezg\u00e9sek megsz\u00fcntet\u00e9se szerepelnek. Munk\u00e1nk sor\u00e1n kiemelt figyelmet ford\u00edtunk a pil\u00f3ta ergon\u00f3mi\u00e1ra is, p\u00e9ld\u00e1ul &hellip; <\/p>\n<p class=\"link-more\"><a href=\"https:\/\/www.mm.bme.hu\/amsz\/index.php\/bme-shark\/\" class=\"more-link\">Continue reading<span class=\"screen-reader-text\"> &#8220;BME SHARK&#8221;<\/span><\/a><\/p>\n","protected":false},"author":5,"featured_media":0,"parent":0,"menu_order":0,"comment_status":"closed","ping_status":"closed","template":"","meta":[],"_links":{"self":[{"href":"https:\/\/www.mm.bme.hu\/amsz\/index.php\/wp-json\/wp\/v2\/pages\/514"}],"collection":[{"href":"https:\/\/www.mm.bme.hu\/amsz\/index.php\/wp-json\/wp\/v2\/pages"}],"about":[{"href":"https:\/\/www.mm.bme.hu\/amsz\/index.php\/wp-json\/wp\/v2\/types\/page"}],"author":[{"embeddable":true,"href":"https:\/\/www.mm.bme.hu\/amsz\/index.php\/wp-json\/wp\/v2\/users\/5"}],"replies":[{"embeddable":true,"href":"https:\/\/www.mm.bme.hu\/amsz\/index.php\/wp-json\/wp\/v2\/comments?post=514"}],"version-history":[{"count":1,"href":"https:\/\/www.mm.bme.hu\/amsz\/index.php\/wp-json\/wp\/v2\/pages\/514\/revisions"}],"predecessor-version":[{"id":516,"href":"https:\/\/www.mm.bme.hu\/amsz\/index.php\/wp-json\/wp\/v2\/pages\/514\/revisions\/516"}],"wp:attachment":[{"href":"https:\/\/www.mm.bme.hu\/amsz\/index.php\/wp-json\/wp\/v2\/media?parent=514"}],"curies":[{"name":"wp","href":"https:\/\/api.w.org\/{rel}","templated":true}]}}