{"id":220,"date":"2021-09-01T19:27:47","date_gmt":"2021-09-01T19:27:47","guid":{"rendered":"https:\/\/www.mm.bme.hu\/amsz\/?page_id=220"},"modified":"2024-02-28T18:10:25","modified_gmt":"2024-02-28T18:10:25","slug":"python-masodrendu-nyomatek-szamito-felulet","status":"publish","type":"page","link":"https:\/\/www.mm.bme.hu\/amsz\/index.php\/python-masodrendu-nyomatek-szamito-felulet\/","title":{"rendered":"Aream &#8211; m\u00e1sodrend\u0171 nyomat\u00e9k sz\u00e1m\u00edt\u00f3 program"},"content":{"rendered":"\n<figure class=\"wp-block-image size-large is-resized\"><img loading=\"lazy\" src=\"https:\/\/www.mm.bme.hu\/amsz\/wp-content\/uploads\/2022\/02\/aream_to_site-1024x615.png\" alt=\"\" class=\"wp-image-317\" width=\"712\" height=\"427\" srcset=\"https:\/\/www.mm.bme.hu\/amsz\/wp-content\/uploads\/2022\/02\/aream_to_site-1024x615.png 1024w, https:\/\/www.mm.bme.hu\/amsz\/wp-content\/uploads\/2022\/02\/aream_to_site-300x180.png 300w, https:\/\/www.mm.bme.hu\/amsz\/wp-content\/uploads\/2022\/02\/aream_to_site-768x461.png 768w, https:\/\/www.mm.bme.hu\/amsz\/wp-content\/uploads\/2022\/02\/aream_to_site.png 1303w\" sizes=\"(max-width: 712px) 100vw, 712px\" \/><\/figure>\n\n\n\n<p>Az oktat\u00e1si seg\u00e9dlet els\u0151sorban a statika\/szil\u00e1rds\u00e1gtan hallgat\u00f3knak k\u00e9sz\u00fcl, amellyel egy grafikus fel\u00fclettel rendelkez\u0151 programban lehet k\u00fcl\u00f6nb\u00f6z\u0151 keresztmetszetek m\u00e1sodrend\u0171 nyomat\u00e9kait kisz\u00e1molni.<\/p>\n\n\n\n<p>Leg\u00fajabb verzi\u00f3: 1.1<br>Telep\u00edt\u0151: <a href=\"https:\/\/bit.ly\/amsz_aream\">Aream 1.1<\/a><br>Forr\u00e1sk\u00f3d megtal\u00e1lhat\u00f3 a szakoszt\u00e1ly <a href=\"https:\/\/github.com\/AMSZ-BMEGPK\/Aream\" data-type=\"URL\" data-id=\"https:\/\/github.com\/AMSZ-BMEGPK\/Aream\">GitHub<\/a> fi\u00f3kj\u00e1n. Ennek seg\u00edts\u00e9g\u00e9vel Linux \u00e9s Mac rendszeren is futtathat\u00f3 a program.<\/p>\n\n\n\n<p>FIGYELEM, ez a program els\u0151 verzi\u00f3ja, ez\u00e9rt tartalmazhat hib\u00e1kat! Amennyiben \u00e9szrev\u00e9tele van a programmal kapcsolatban, vagy hib\u00e1t \u00e9szlel k\u00e9rem ezen a <a href=\"https:\/\/forms.gle\/gMP69MTgbtey9T5V8\" data-type=\"URL\" data-id=\"https:\/\/forms.gle\/gMP69MTgbtey9T5V8\">lapon<\/a> kereszt\u00fcl jelezze.<\/p>\n\n\n\n<p>A programhoz k\u00e9sz\u00edtett\u00fcnk egy <a href=\"https:\/\/www.youtube.com\/watch?v=FHoLdfJ3iBA\" data-type=\"URL\" data-id=\"https:\/\/www.youtube.com\/watch?v=FHoLdfJ3iBA\">tutorial vide\u00f3t<\/a> \u00e9s egy \u00fatmutat\u00f3 dokumentumot is amit lent lehet megtekinteni.<\/p>\n\n\n\n<div class=\"wp-block-file\"><object class=\"wp-block-file__embed\" data=\"https:\/\/www.mm.bme.hu\/amsz\/wp-content\/uploads\/2022\/03\/Aream-1.0-utmutato-1.pdf\" type=\"application\/pdf\" style=\"width:100%;height:600px\" aria-label=\"Embed of Aream-1.0-utmutato-1.\"><\/object><a id=\"wp-block-file--media-6d21711a-e19b-476f-8da1-ce4380f4e782\" href=\"https:\/\/www.mm.bme.hu\/amsz\/wp-content\/uploads\/2022\/03\/Aream-1.0-utmutato-1.pdf\">Aream-1.0-utmutato-1<\/a><a href=\"https:\/\/www.mm.bme.hu\/amsz\/wp-content\/uploads\/2022\/03\/Aream-1.0-utmutato-1.pdf\" class=\"wp-block-file__button\" download aria-describedby=\"wp-block-file--media-6d21711a-e19b-476f-8da1-ce4380f4e782\">Download<\/a><\/div>\n\n\n\n<p><\/p>\n","protected":false},"excerpt":{"rendered":"<p>Az oktat\u00e1si seg\u00e9dlet els\u0151sorban a statika\/szil\u00e1rds\u00e1gtan hallgat\u00f3knak k\u00e9sz\u00fcl, amellyel egy grafikus fel\u00fclettel rendelkez\u0151 programban lehet k\u00fcl\u00f6nb\u00f6z\u0151 keresztmetszetek m\u00e1sodrend\u0171 nyomat\u00e9kait kisz\u00e1molni. Leg\u00fajabb verzi\u00f3: 1.1Telep\u00edt\u0151: Aream 1.1Forr\u00e1sk\u00f3d megtal\u00e1lhat\u00f3 a szakoszt\u00e1ly GitHub fi\u00f3kj\u00e1n. Ennek seg\u00edts\u00e9g\u00e9vel Linux \u00e9s Mac rendszeren is futtathat\u00f3 a program. FIGYELEM, ez a program els\u0151 verzi\u00f3ja, ez\u00e9rt tartalmazhat hib\u00e1kat! Amennyiben \u00e9szrev\u00e9tele van a programmal kapcsolatban, &hellip; <\/p>\n<p class=\"link-more\"><a href=\"https:\/\/www.mm.bme.hu\/amsz\/index.php\/python-masodrendu-nyomatek-szamito-felulet\/\" class=\"more-link\">Continue reading<span class=\"screen-reader-text\"> &#8220;Aream &#8211; m\u00e1sodrend\u0171 nyomat\u00e9k sz\u00e1m\u00edt\u00f3 program&#8221;<\/span><\/a><\/p>\n","protected":false},"author":1,"featured_media":0,"parent":0,"menu_order":0,"comment_status":"closed","ping_status":"closed","template":"","meta":[],"_links":{"self":[{"href":"https:\/\/www.mm.bme.hu\/amsz\/index.php\/wp-json\/wp\/v2\/pages\/220"}],"collection":[{"href":"https:\/\/www.mm.bme.hu\/amsz\/index.php\/wp-json\/wp\/v2\/pages"}],"about":[{"href":"https:\/\/www.mm.bme.hu\/amsz\/index.php\/wp-json\/wp\/v2\/types\/page"}],"author":[{"embeddable":true,"href":"https:\/\/www.mm.bme.hu\/amsz\/index.php\/wp-json\/wp\/v2\/users\/1"}],"replies":[{"embeddable":true,"href":"https:\/\/www.mm.bme.hu\/amsz\/index.php\/wp-json\/wp\/v2\/comments?post=220"}],"version-history":[{"count":30,"href":"https:\/\/www.mm.bme.hu\/amsz\/index.php\/wp-json\/wp\/v2\/pages\/220\/revisions"}],"predecessor-version":[{"id":527,"href":"https:\/\/www.mm.bme.hu\/amsz\/index.php\/wp-json\/wp\/v2\/pages\/220\/revisions\/527"}],"wp:attachment":[{"href":"https:\/\/www.mm.bme.hu\/amsz\/index.php\/wp-json\/wp\/v2\/media?parent=220"}],"curies":[{"name":"wp","href":"https:\/\/api.w.org\/{rel}","templated":true}]}}