{"id":2,"date":"2021-07-28T12:10:36","date_gmt":"2021-07-28T12:10:36","guid":{"rendered":"https:\/\/www.mm.bme.hu\/amsz\/?page_id=2"},"modified":"2026-03-14T12:54:41","modified_gmt":"2026-03-14T11:54:41","slug":"sample-page","status":"publish","type":"page","link":"https:\/\/www.mm.bme.hu\/amsz\/","title":{"rendered":"F\u0151oldal"},"content":{"rendered":"\n<div class=\"wp-block-cover alignfull is-light\"><span aria-hidden=\"true\" class=\"wp-block-cover__background has-background-dim\"><\/span><img loading=\"lazy\" width=\"2560\" height=\"1670\" class=\"wp-block-cover__image-background wp-image-145\" alt=\"\" src=\"https:\/\/www.mm.bme.hu\/amsz\/wp-content\/uploads\/2021\/09\/macro-1452987-1-scaled.jpg\" data-object-fit=\"cover\" srcset=\"https:\/\/www.mm.bme.hu\/amsz\/wp-content\/uploads\/2021\/09\/macro-1452987-1-scaled.jpg 2560w, https:\/\/www.mm.bme.hu\/amsz\/wp-content\/uploads\/2021\/09\/macro-1452987-1-300x196.jpg 300w, https:\/\/www.mm.bme.hu\/amsz\/wp-content\/uploads\/2021\/09\/macro-1452987-1-1024x668.jpg 1024w, https:\/\/www.mm.bme.hu\/amsz\/wp-content\/uploads\/2021\/09\/macro-1452987-1-768x501.jpg 768w, https:\/\/www.mm.bme.hu\/amsz\/wp-content\/uploads\/2021\/09\/macro-1452987-1-1536x1002.jpg 1536w, https:\/\/www.mm.bme.hu\/amsz\/wp-content\/uploads\/2021\/09\/macro-1452987-1-2048x1336.jpg 2048w, https:\/\/www.mm.bme.hu\/amsz\/wp-content\/uploads\/2021\/09\/macro-1452987-1-1568x1023.jpg 1568w\" sizes=\"(max-width: 2560px) 100vw, 2560px\" \/><div class=\"wp-block-cover__inner-container\">\n<p class=\"has-text-align-right has-white-color has-text-color\"> <em>&#8220;Ha meg akarod ismerni a dolgok m\u0171k\u00f6d\u00e9s\u00e9t, vizsg\u00e1ld meg \u0151ket, amikor sz\u00e9tesnek.&#8221;<\/em> <\/p>\n\n\n\n<p class=\"has-text-align-right has-white-color has-text-color\" style=\"font-size:12px\">William Gibson<\/p>\n<\/div><\/div>\n\n\n\n<div class=\"wp-container-2 wp-block-columns has-2-columns\">\n<div class=\"wp-container-1 wp-block-column has-white-background-color has-background\">\n<h3>R\u00f3lunk<\/h3>\n\n\n\n<p>Az Alkalmazott Mechanika Szakoszt\u00e1ly 2020. szeptember 3-\u00e1n alakult, az\u00f3ta egyre n\u00f6vekv\u0151 l\u00e9tsz\u00e1mban sz\u00ednes\u00edtj\u00fck az egyetemi mechanika oktat\u00e1s sz\u00ednter\u00e9t. Lelkiismeretesen elk\u00e9sz\u00edtett konzult\u00e1ci\u00f3ink \u00e9s oktat\u00e1si seg\u00e9danyagaink egyvelege k\u00e9sz\u00edti fel a hallgat\u00f3s\u00e1got az \u00e1ltalunk oly nagyra tartott mechanikai alapt\u00e1rgyak tud\u00e1sanyag\u00e1nak elsaj\u00e1t\u00edt\u00e1s\u00e1ra. A tagjaink emellett korszer\u0171 kutat\u00e1si projektek keret\u00e9ben m\u00e9ly\u00edtik el az egyetemen tanultakat \u00e9s \u00e9lik ki innovat\u00edv \u00f6tleteken kereszt\u00fcl a benn\u00fck szunnyad\u00f3 szakmai kreativit\u00e1st.<\/p>\n<\/div>\n<\/div>\n\n\n\n<div style=\"height:100px\" aria-hidden=\"true\" class=\"wp-block-spacer\"><\/div>\n\n\n\n<h3>Tagok<\/h3>\n\n\n\n<figure class=\"wp-container-4 wp-block-gallery-3 wp-block-gallery aligncenter has-nested-images columns-3 is-cropped\">\n<figure class=\"wp-block-image size-large is-style-default\"><img loading=\"lazy\" width=\"683\" height=\"1024\" data-id=\"633\"  src=\"https:\/\/www.mm.bme.hu\/amsz\/wp-content\/uploads\/2026\/03\/amsz_igkep_2025_10_29_szasz_anna-7-683x1024.jpg\" alt=\"\" class=\"wp-image-633\" srcset=\"https:\/\/www.mm.bme.hu\/amsz\/wp-content\/uploads\/2026\/03\/amsz_igkep_2025_10_29_szasz_anna-7-683x1024.jpg 683w, https:\/\/www.mm.bme.hu\/amsz\/wp-content\/uploads\/2026\/03\/amsz_igkep_2025_10_29_szasz_anna-7-200x300.jpg 200w, https:\/\/www.mm.bme.hu\/amsz\/wp-content\/uploads\/2026\/03\/amsz_igkep_2025_10_29_szasz_anna-7-768x1152.jpg 768w, https:\/\/www.mm.bme.hu\/amsz\/wp-content\/uploads\/2026\/03\/amsz_igkep_2025_10_29_szasz_anna-7-1024x1536.jpg 1024w, https:\/\/www.mm.bme.hu\/amsz\/wp-content\/uploads\/2026\/03\/amsz_igkep_2025_10_29_szasz_anna-7.jpg 1365w\" sizes=\"(max-width: 683px) 100vw, 683px\" \/><figcaption>Kert\u00e9sz D\u00e1niel<br>Eln\u00f6k<\/figcaption><\/figure>\n\n\n\n<figure class=\"wp-block-image size-large\"><img loading=\"lazy\" width=\"683\" height=\"1024\" data-id=\"571\"  src=\"https:\/\/www.mm.bme.hu\/amsz\/wp-content\/uploads\/2025\/04\/amsz-mentorok-igkep-2-683x1024.jpg\" alt=\"\" class=\"wp-image-571\" srcset=\"https:\/\/www.mm.bme.hu\/amsz\/wp-content\/uploads\/2025\/04\/amsz-mentorok-igkep-2-683x1024.jpg 683w, https:\/\/www.mm.bme.hu\/amsz\/wp-content\/uploads\/2025\/04\/amsz-mentorok-igkep-2-200x300.jpg 200w, https:\/\/www.mm.bme.hu\/amsz\/wp-content\/uploads\/2025\/04\/amsz-mentorok-igkep-2-768x1152.jpg 768w, https:\/\/www.mm.bme.hu\/amsz\/wp-content\/uploads\/2025\/04\/amsz-mentorok-igkep-2-1024x1536.jpg 1024w, https:\/\/www.mm.bme.hu\/amsz\/wp-content\/uploads\/2025\/04\/amsz-mentorok-igkep-2.jpg 1365w\" sizes=\"(max-width: 683px) 100vw, 683px\" \/><figcaption>Kammerer M\u00e1rton <br>Aleln\u00f6k<\/figcaption><\/figure>\n\n\n\n<figure class=\"wp-block-image size-large\"><img loading=\"lazy\" width=\"683\" height=\"1024\" data-id=\"583\"  src=\"https:\/\/www.mm.bme.hu\/amsz\/wp-content\/uploads\/2025\/09\/Megfelelo_meret1-683x1024.jpg\" alt=\"\" class=\"wp-image-583\" srcset=\"https:\/\/www.mm.bme.hu\/amsz\/wp-content\/uploads\/2025\/09\/Megfelelo_meret1-683x1024.jpg 683w, https:\/\/www.mm.bme.hu\/amsz\/wp-content\/uploads\/2025\/09\/Megfelelo_meret1-200x300.jpg 200w, https:\/\/www.mm.bme.hu\/amsz\/wp-content\/uploads\/2025\/09\/Megfelelo_meret1-768x1152.jpg 768w, https:\/\/www.mm.bme.hu\/amsz\/wp-content\/uploads\/2025\/09\/Megfelelo_meret1-1024x1536.jpg 1024w, https:\/\/www.mm.bme.hu\/amsz\/wp-content\/uploads\/2025\/09\/Megfelelo_meret1.jpg 1365w\" sizes=\"(max-width: 683px) 100vw, 683px\" \/><figcaption><br>Shestakova Yana <br>Tag <\/figcaption><\/figure>\n\n\n\n<figure class=\"wp-block-image size-large\"><img loading=\"lazy\" width=\"683\" height=\"1024\" data-id=\"572\"  src=\"https:\/\/www.mm.bme.hu\/amsz\/wp-content\/uploads\/2025\/04\/amsz-mentorok-igkep-6-683x1024.jpg\" alt=\"\" class=\"wp-image-572\" srcset=\"https:\/\/www.mm.bme.hu\/amsz\/wp-content\/uploads\/2025\/04\/amsz-mentorok-igkep-6-683x1024.jpg 683w, https:\/\/www.mm.bme.hu\/amsz\/wp-content\/uploads\/2025\/04\/amsz-mentorok-igkep-6-200x300.jpg 200w, https:\/\/www.mm.bme.hu\/amsz\/wp-content\/uploads\/2025\/04\/amsz-mentorok-igkep-6-768x1152.jpg 768w, https:\/\/www.mm.bme.hu\/amsz\/wp-content\/uploads\/2025\/04\/amsz-mentorok-igkep-6-1024x1536.jpg 1024w, https:\/\/www.mm.bme.hu\/amsz\/wp-content\/uploads\/2025\/04\/amsz-mentorok-igkep-6.jpg 1365w\" sizes=\"(max-width: 683px) 100vw, 683px\" \/><figcaption>B\u00e1lint Gergely Tam\u00e1s<br>Tag<\/figcaption><\/figure>\n\n\n\n<figure class=\"wp-block-image size-large\"><img loading=\"lazy\" width=\"683\" height=\"1024\" data-id=\"634\"  src=\"https:\/\/www.mm.bme.hu\/amsz\/wp-content\/uploads\/2026\/03\/amsz_igkep_2025_10_29_szasz_anna-6-683x1024.jpg\" alt=\"\" class=\"wp-image-634\" srcset=\"https:\/\/www.mm.bme.hu\/amsz\/wp-content\/uploads\/2026\/03\/amsz_igkep_2025_10_29_szasz_anna-6-683x1024.jpg 683w, https:\/\/www.mm.bme.hu\/amsz\/wp-content\/uploads\/2026\/03\/amsz_igkep_2025_10_29_szasz_anna-6-200x300.jpg 200w, https:\/\/www.mm.bme.hu\/amsz\/wp-content\/uploads\/2026\/03\/amsz_igkep_2025_10_29_szasz_anna-6-768x1152.jpg 768w, https:\/\/www.mm.bme.hu\/amsz\/wp-content\/uploads\/2026\/03\/amsz_igkep_2025_10_29_szasz_anna-6-1024x1536.jpg 1024w, https:\/\/www.mm.bme.hu\/amsz\/wp-content\/uploads\/2026\/03\/amsz_igkep_2025_10_29_szasz_anna-6.jpg 1365w\" sizes=\"(max-width: 683px) 100vw, 683px\" \/><figcaption>Braun Bal\u00e1zs Hermann<br>Tag<\/figcaption><\/figure>\n\n\n\n<figure class=\"wp-block-image size-large\"><img loading=\"lazy\" width=\"683\" height=\"1024\" data-id=\"575\"  src=\"https:\/\/www.mm.bme.hu\/amsz\/wp-content\/uploads\/2025\/04\/amsz-mentorok-igkep-5.jpg-masolata-683x1024.jpg\" alt=\"\" class=\"wp-image-575\" srcset=\"https:\/\/www.mm.bme.hu\/amsz\/wp-content\/uploads\/2025\/04\/amsz-mentorok-igkep-5.jpg-masolata-683x1024.jpg 683w, https:\/\/www.mm.bme.hu\/amsz\/wp-content\/uploads\/2025\/04\/amsz-mentorok-igkep-5.jpg-masolata-200x300.jpg 200w, https:\/\/www.mm.bme.hu\/amsz\/wp-content\/uploads\/2025\/04\/amsz-mentorok-igkep-5.jpg-masolata-768x1152.jpg 768w, https:\/\/www.mm.bme.hu\/amsz\/wp-content\/uploads\/2025\/04\/amsz-mentorok-igkep-5.jpg-masolata-1024x1536.jpg 1024w, https:\/\/www.mm.bme.hu\/amsz\/wp-content\/uploads\/2025\/04\/amsz-mentorok-igkep-5.jpg-masolata.jpg 1365w\" sizes=\"(max-width: 683px) 100vw, 683px\" \/><figcaption>Baksay R\u00e9ka <br>Tag<\/figcaption><\/figure>\n\n\n\n<figure class=\"wp-block-image size-large\"><img loading=\"lazy\" width=\"683\" height=\"1024\" data-id=\"625\"  src=\"https:\/\/www.mm.bme.hu\/amsz\/wp-content\/uploads\/2026\/03\/amsz_igkep_2025_10_29_szasz_anna-2-683x1024.jpg\" alt=\"\" class=\"wp-image-625\" srcset=\"https:\/\/www.mm.bme.hu\/amsz\/wp-content\/uploads\/2026\/03\/amsz_igkep_2025_10_29_szasz_anna-2-683x1024.jpg 683w, https:\/\/www.mm.bme.hu\/amsz\/wp-content\/uploads\/2026\/03\/amsz_igkep_2025_10_29_szasz_anna-2-200x300.jpg 200w, https:\/\/www.mm.bme.hu\/amsz\/wp-content\/uploads\/2026\/03\/amsz_igkep_2025_10_29_szasz_anna-2-768x1152.jpg 768w, https:\/\/www.mm.bme.hu\/amsz\/wp-content\/uploads\/2026\/03\/amsz_igkep_2025_10_29_szasz_anna-2-1024x1536.jpg 1024w, https:\/\/www.mm.bme.hu\/amsz\/wp-content\/uploads\/2026\/03\/amsz_igkep_2025_10_29_szasz_anna-2.jpg 1365w\" sizes=\"(max-width: 683px) 100vw, 683px\" \/><figcaption>R\u00e9dey Zsuzsanna <br>Tag<\/figcaption><\/figure>\n\n\n\n<figure class=\"wp-block-image size-large\"><img loading=\"lazy\" width=\"683\" height=\"1024\" data-id=\"576\"  src=\"https:\/\/www.mm.bme.hu\/amsz\/wp-content\/uploads\/2025\/04\/amsz-mentorok-igkep-4-683x1024.jpg\" alt=\"\" class=\"wp-image-576\" srcset=\"https:\/\/www.mm.bme.hu\/amsz\/wp-content\/uploads\/2025\/04\/amsz-mentorok-igkep-4-683x1024.jpg 683w, https:\/\/www.mm.bme.hu\/amsz\/wp-content\/uploads\/2025\/04\/amsz-mentorok-igkep-4-200x300.jpg 200w, https:\/\/www.mm.bme.hu\/amsz\/wp-content\/uploads\/2025\/04\/amsz-mentorok-igkep-4-768x1152.jpg 768w, https:\/\/www.mm.bme.hu\/amsz\/wp-content\/uploads\/2025\/04\/amsz-mentorok-igkep-4-1024x1536.jpg 1024w, https:\/\/www.mm.bme.hu\/amsz\/wp-content\/uploads\/2025\/04\/amsz-mentorok-igkep-4.jpg 1365w\" sizes=\"(max-width: 683px) 100vw, 683px\" \/><figcaption>K\u00e1nai Benedek <br>Tag<\/figcaption><\/figure>\n\n\n\n<figure class=\"wp-block-image size-large\"><img loading=\"lazy\" width=\"683\" height=\"1024\" data-id=\"637\"  src=\"https:\/\/www.mm.bme.hu\/amsz\/wp-content\/uploads\/2026\/03\/amsz_igkep_2025_10_29_szasz_anna-4-683x1024.jpg\" alt=\"\" class=\"wp-image-637\" srcset=\"https:\/\/www.mm.bme.hu\/amsz\/wp-content\/uploads\/2026\/03\/amsz_igkep_2025_10_29_szasz_anna-4-683x1024.jpg 683w, https:\/\/www.mm.bme.hu\/amsz\/wp-content\/uploads\/2026\/03\/amsz_igkep_2025_10_29_szasz_anna-4-200x300.jpg 200w, https:\/\/www.mm.bme.hu\/amsz\/wp-content\/uploads\/2026\/03\/amsz_igkep_2025_10_29_szasz_anna-4-768x1152.jpg 768w, https:\/\/www.mm.bme.hu\/amsz\/wp-content\/uploads\/2026\/03\/amsz_igkep_2025_10_29_szasz_anna-4-1024x1536.jpg 1024w, https:\/\/www.mm.bme.hu\/amsz\/wp-content\/uploads\/2026\/03\/amsz_igkep_2025_10_29_szasz_anna-4.jpg 1365w\" sizes=\"(max-width: 683px) 100vw, 683px\" \/><figcaption>Piros \u00c1ron Vidor <br>Pr\u00f3b\u00e1s<\/figcaption><\/figure>\n\n\n\n<figure class=\"wp-block-image size-large\"><img loading=\"lazy\" width=\"683\" height=\"1024\" data-id=\"626\"  src=\"https:\/\/www.mm.bme.hu\/amsz\/wp-content\/uploads\/2026\/03\/amsz_igkep_2025_10_29_szasz_anna-8-683x1024.jpg\" alt=\"\" class=\"wp-image-626\" srcset=\"https:\/\/www.mm.bme.hu\/amsz\/wp-content\/uploads\/2026\/03\/amsz_igkep_2025_10_29_szasz_anna-8-683x1024.jpg 683w, https:\/\/www.mm.bme.hu\/amsz\/wp-content\/uploads\/2026\/03\/amsz_igkep_2025_10_29_szasz_anna-8-200x300.jpg 200w, https:\/\/www.mm.bme.hu\/amsz\/wp-content\/uploads\/2026\/03\/amsz_igkep_2025_10_29_szasz_anna-8-768x1152.jpg 768w, https:\/\/www.mm.bme.hu\/amsz\/wp-content\/uploads\/2026\/03\/amsz_igkep_2025_10_29_szasz_anna-8-1024x1536.jpg 1024w, https:\/\/www.mm.bme.hu\/amsz\/wp-content\/uploads\/2026\/03\/amsz_igkep_2025_10_29_szasz_anna-8.jpg 1365w\" sizes=\"(max-width: 683px) 100vw, 683px\" \/><figcaption>Nagarjan Subash Chandar <br>Tag<\/figcaption><\/figure>\n\n\n\n<figure class=\"wp-block-image size-large is-style-default\"><img loading=\"lazy\" width=\"683\" height=\"1024\" data-id=\"635\"  src=\"https:\/\/www.mm.bme.hu\/amsz\/wp-content\/uploads\/2026\/03\/amsz_igkep_2025_10_29_szasz_anna-3-683x1024.jpg\" alt=\"\" class=\"wp-image-635\" srcset=\"https:\/\/www.mm.bme.hu\/amsz\/wp-content\/uploads\/2026\/03\/amsz_igkep_2025_10_29_szasz_anna-3-683x1024.jpg 683w, https:\/\/www.mm.bme.hu\/amsz\/wp-content\/uploads\/2026\/03\/amsz_igkep_2025_10_29_szasz_anna-3-200x300.jpg 200w, https:\/\/www.mm.bme.hu\/amsz\/wp-content\/uploads\/2026\/03\/amsz_igkep_2025_10_29_szasz_anna-3-768x1152.jpg 768w, https:\/\/www.mm.bme.hu\/amsz\/wp-content\/uploads\/2026\/03\/amsz_igkep_2025_10_29_szasz_anna-3-1024x1536.jpg 1024w, https:\/\/www.mm.bme.hu\/amsz\/wp-content\/uploads\/2026\/03\/amsz_igkep_2025_10_29_szasz_anna-3.jpg 1365w\" sizes=\"(max-width: 683px) 100vw, 683px\" \/><figcaption>P\u00e1lfi Imre<br>Tag<\/figcaption><\/figure>\n\n\n\n<figure class=\"wp-block-image size-large is-style-default\"><img loading=\"lazy\" width=\"683\" height=\"1024\" data-id=\"638\"  src=\"https:\/\/www.mm.bme.hu\/amsz\/wp-content\/uploads\/2026\/03\/amsz_igkep_2025_10_29_szasz_anna-5-683x1024.jpg\" alt=\"\" class=\"wp-image-638\" srcset=\"https:\/\/www.mm.bme.hu\/amsz\/wp-content\/uploads\/2026\/03\/amsz_igkep_2025_10_29_szasz_anna-5-683x1024.jpg 683w, https:\/\/www.mm.bme.hu\/amsz\/wp-content\/uploads\/2026\/03\/amsz_igkep_2025_10_29_szasz_anna-5-200x300.jpg 200w, https:\/\/www.mm.bme.hu\/amsz\/wp-content\/uploads\/2026\/03\/amsz_igkep_2025_10_29_szasz_anna-5-768x1152.jpg 768w, https:\/\/www.mm.bme.hu\/amsz\/wp-content\/uploads\/2026\/03\/amsz_igkep_2025_10_29_szasz_anna-5-1024x1536.jpg 1024w, https:\/\/www.mm.bme.hu\/amsz\/wp-content\/uploads\/2026\/03\/amsz_igkep_2025_10_29_szasz_anna-5.jpg 1365w\" sizes=\"(max-width: 683px) 100vw, 683px\" \/><figcaption>Szalkai \u00c1d\u00e1m<br>Tag<\/figcaption><\/figure>\n\n\n\n<figure class=\"wp-block-image size-medium is-style-default\"><img loading=\"lazy\" width=\"683\" height=\"1024\" data-id=\"583\"  src=\"https:\/\/www.mm.bme.hu\/amsz\/wp-content\/uploads\/2025\/09\/Megfelelo_meret1-683x1024.jpg\" alt=\"\" class=\"wp-image-583\" srcset=\"https:\/\/www.mm.bme.hu\/amsz\/wp-content\/uploads\/2025\/09\/Megfelelo_meret1-683x1024.jpg 683w, https:\/\/www.mm.bme.hu\/amsz\/wp-content\/uploads\/2025\/09\/Megfelelo_meret1-200x300.jpg 200w, https:\/\/www.mm.bme.hu\/amsz\/wp-content\/uploads\/2025\/09\/Megfelelo_meret1-768x1152.jpg 768w, https:\/\/www.mm.bme.hu\/amsz\/wp-content\/uploads\/2025\/09\/Megfelelo_meret1-1024x1536.jpg 1024w, https:\/\/www.mm.bme.hu\/amsz\/wp-content\/uploads\/2025\/09\/Megfelelo_meret1.jpg 1365w\" sizes=\"(max-width: 683px) 100vw, 683px\" \/><figcaption>Magyari Zsombor<br>Pr\u00f3b\u00e1s<\/figcaption><\/figure>\n\n\n\n<figure class=\"wp-block-image size-medium is-style-default\"><img loading=\"lazy\" width=\"683\" height=\"1024\" data-id=\"583\"  src=\"https:\/\/www.mm.bme.hu\/amsz\/wp-content\/uploads\/2025\/09\/Megfelelo_meret1-683x1024.jpg\" alt=\"\" class=\"wp-image-583\" srcset=\"https:\/\/www.mm.bme.hu\/amsz\/wp-content\/uploads\/2025\/09\/Megfelelo_meret1-683x1024.jpg 683w, https:\/\/www.mm.bme.hu\/amsz\/wp-content\/uploads\/2025\/09\/Megfelelo_meret1-200x300.jpg 200w, https:\/\/www.mm.bme.hu\/amsz\/wp-content\/uploads\/2025\/09\/Megfelelo_meret1-768x1152.jpg 768w, https:\/\/www.mm.bme.hu\/amsz\/wp-content\/uploads\/2025\/09\/Megfelelo_meret1-1024x1536.jpg 1024w, https:\/\/www.mm.bme.hu\/amsz\/wp-content\/uploads\/2025\/09\/Megfelelo_meret1.jpg 1365w\" sizes=\"(max-width: 683px) 100vw, 683px\" \/><figcaption>Kar\u00e1szi Andr\u00e1s<br>Pr\u00f3b\u00e1s<\/figcaption><\/figure>\n\n\n\n<figure class=\"wp-block-image size-medium is-style-default\"><img loading=\"lazy\" width=\"683\" height=\"1024\" data-id=\"583\"  src=\"https:\/\/www.mm.bme.hu\/amsz\/wp-content\/uploads\/2025\/09\/Megfelelo_meret1-683x1024.jpg\" alt=\"\" class=\"wp-image-583\" srcset=\"https:\/\/www.mm.bme.hu\/amsz\/wp-content\/uploads\/2025\/09\/Megfelelo_meret1-683x1024.jpg 683w, https:\/\/www.mm.bme.hu\/amsz\/wp-content\/uploads\/2025\/09\/Megfelelo_meret1-200x300.jpg 200w, https:\/\/www.mm.bme.hu\/amsz\/wp-content\/uploads\/2025\/09\/Megfelelo_meret1-768x1152.jpg 768w, https:\/\/www.mm.bme.hu\/amsz\/wp-content\/uploads\/2025\/09\/Megfelelo_meret1-1024x1536.jpg 1024w, https:\/\/www.mm.bme.hu\/amsz\/wp-content\/uploads\/2025\/09\/Megfelelo_meret1.jpg 1365w\" sizes=\"(max-width: 683px) 100vw, 683px\" \/><\/figure>\n<\/figure>\n\n\n\n<div class=\"wp-container-6 wp-block-columns\">\n<div class=\"wp-container-5 wp-block-column\" style=\"flex-basis:100%\"><\/div>\n<\/div>\n\n\n\n<div style=\"height:100px\" aria-hidden=\"true\" class=\"wp-block-spacer\"><\/div>\n\n\n\n<h3 style=\"font-size:32px\">Keress minket<\/h3>\n\n\n\n<div class=\"wp-container-8 wp-block-columns\">\n<div class=\"wp-container-7 wp-block-column\">\n<p>H\u00e9tk\u00f6znapokon 8\u201320-ig. <\/p>\n\n\n\n<p><a href=\"http:\/\/mailto\" data-type=\"URL\" data-id=\"mailto\"> amsz.bme@gmail.com<\/a> <\/p>\n\n\n\n<p>1111 Budapest M\u0171egyetem rkp. 3.<\/p>\n<\/div>\n<\/div>\n\n\n\n<div id=\"tagfelvetel-erdekel\" class=\"wp-container-9 wp-block-buttons tag-button\">\n<div class=\"wp-block-button\"><a class=\"wp-block-button__link has-dark-gray-background-color has-background\" href=\"https:\/\/www.mm.bme.hu\/amsz\/index.php\/tagfelvetel\/\" target=\"_blank\" rel=\"noreferrer noopener\">Tagfelv\u00e9tel \u00e9rdekel<\/a><\/div>\n<\/div>\n\n\n\n<p><\/p>\n","protected":false},"excerpt":{"rendered":"<p>R\u00f3lunk Az Alkalmazott Mechanika Szakoszt\u00e1ly 2020. szeptember 3-\u00e1n alakult, az\u00f3ta egyre n\u00f6vekv\u0151 l\u00e9tsz\u00e1mban sz\u00ednes\u00edtj\u00fck az egyetemi mechanika oktat\u00e1s sz\u00ednter\u00e9t. Lelkiismeretesen elk\u00e9sz\u00edtett konzult\u00e1ci\u00f3ink \u00e9s oktat\u00e1si seg\u00e9danyagaink egyvelege k\u00e9sz\u00edti fel a hallgat\u00f3s\u00e1got az \u00e1ltalunk oly nagyra tartott mechanikai alapt\u00e1rgyak tud\u00e1sanyag\u00e1nak elsaj\u00e1t\u00edt\u00e1s\u00e1ra. A tagjaink emellett korszer\u0171 kutat\u00e1si projektek keret\u00e9ben m\u00e9ly\u00edtik el az egyetemen tanultakat \u00e9s \u00e9lik ki innovat\u00edv &hellip; <\/p>\n<p class=\"link-more\"><a href=\"https:\/\/www.mm.bme.hu\/amsz\/\" class=\"more-link\">Continue reading<span class=\"screen-reader-text\"> &#8220;F\u0151oldal&#8221;<\/span><\/a><\/p>\n","protected":false},"author":1,"featured_media":0,"parent":0,"menu_order":0,"comment_status":"closed","ping_status":"closed","template":"","meta":[],"_links":{"self":[{"href":"https:\/\/www.mm.bme.hu\/amsz\/index.php\/wp-json\/wp\/v2\/pages\/2"}],"collection":[{"href":"https:\/\/www.mm.bme.hu\/amsz\/index.php\/wp-json\/wp\/v2\/pages"}],"about":[{"href":"https:\/\/www.mm.bme.hu\/amsz\/index.php\/wp-json\/wp\/v2\/types\/page"}],"author":[{"embeddable":true,"href":"https:\/\/www.mm.bme.hu\/amsz\/index.php\/wp-json\/wp\/v2\/users\/1"}],"replies":[{"embeddable":true,"href":"https:\/\/www.mm.bme.hu\/amsz\/index.php\/wp-json\/wp\/v2\/comments?post=2"}],"version-history":[{"count":71,"href":"https:\/\/www.mm.bme.hu\/amsz\/index.php\/wp-json\/wp\/v2\/pages\/2\/revisions"}],"predecessor-version":[{"id":639,"href":"https:\/\/www.mm.bme.hu\/amsz\/index.php\/wp-json\/wp\/v2\/pages\/2\/revisions\/639"}],"wp:attachment":[{"href":"https:\/\/www.mm.bme.hu\/amsz\/index.php\/wp-json\/wp\/v2\/media?parent=2"}],"curies":[{"name":"wp","href":"https:\/\/api.w.org\/{rel}","templated":true}]}}